{"id":3301,"date":"2024-12-02T15:38:23","date_gmt":"2024-12-02T14:38:23","guid":{"rendered":"https:\/\/judy.pi2r-dev.tech\/produit\/judy-vitres-triple-action\/"},"modified":"2026-04-09T11:55:38","modified_gmt":"2026-04-09T09:55:38","slug":"judy-triple-action-glass-cleaner","status":"publish","type":"product","link":"https:\/\/judy.pi2r-dev.tech\/en\/product\/judy-triple-action-glass-cleaner\/","title":{"rendered":"Judy Triple-Action Glass Cleaner"},"content":{"rendered":"<p>With Judy Triple-Action Glass Cleaner, your glass surfaces regain their shine, cleanliness and transparency without leaving streaks.<br \/>\nIts 3-in-1 formula ensures impeccable cleaning, anti-dust and anti-rain protection and long-lasting brilliance for all glass surfaces: windows, mirrors, car glass and glass tables.<\/p>\n<p>Available in two fresh fragrances: Lemon and Classic.<\/p>\n<p>Find it across Tunisia.<\/p>\n<p>Interested in becoming a distributor? <a href=\"https:\/\/judy.pi2r-dev.tech\/en\/contac-us\/\">Contact us <\/a>!<\/p>\n","protected":false},"excerpt":{"rendered":"<p><strong>Judy Triple-Action Glass Cleaner<\/strong><br \/>\nLeader in Tunisia, Judy Triple-Action Glass Cleaner is your ally for brilliantly clear glass. Cleanliness you can see and feel !<\/p>\n<ul>\n<li>Cleans without streaks<\/li>\n<li>Anti-dust and anti-rain effect<\/li>\n<li>Fast-drying, no-residue formula.<\/li>\n<li>R\u00e9v\u00e8le un parfum frais qui \u00e9veille vos sens<\/li>\n<li>Refreshing fragrance<\/li>\n<\/ul>\n","protected":false},"featured_media":2184,"comment_status":"open","ping_status":"closed","template":"","meta":{"_acf_changed":false},"product_cat":[269,273],"product_tag":[],"class_list":{"0":"post-3301","1":"product","2":"type-product","3":"status-publish","4":"has-post-thumbnail","6":"product_cat-our-products","7":"product_cat-floorsurface-cleaners","9":"first","10":"instock","11":"shipping-taxable","12":"purchasable","13":"product-type-variable"},"acf":[],"jetpack_sharing_enabled":true,"_links":{"self":[{"href":"https:\/\/judy.pi2r-dev.tech\/en\/wp-json\/wp\/v2\/product\/3301","targetHints":{"allow":["GET"]}}],"collection":[{"href":"https:\/\/judy.pi2r-dev.tech\/en\/wp-json\/wp\/v2\/product"}],"about":[{"href":"https:\/\/judy.pi2r-dev.tech\/en\/wp-json\/wp\/v2\/types\/product"}],"replies":[{"embeddable":true,"href":"https:\/\/judy.pi2r-dev.tech\/en\/wp-json\/wp\/v2\/comments?post=3301"}],"wp:featuredmedia":[{"embeddable":true,"href":"https:\/\/judy.pi2r-dev.tech\/en\/wp-json\/wp\/v2\/media\/2184"}],"wp:attachment":[{"href":"https:\/\/judy.pi2r-dev.tech\/en\/wp-json\/wp\/v2\/media?parent=3301"}],"wp:term":[{"taxonomy":"product_cat","embeddable":true,"href":"https:\/\/judy.pi2r-dev.tech\/en\/wp-json\/wp\/v2\/product_cat?post=3301"},{"taxonomy":"product_tag","embeddable":true,"href":"https:\/\/judy.pi2r-dev.tech\/en\/wp-json\/wp\/v2\/product_tag?post=3301"}],"curies":[{"name":"wp","href":"https:\/\/api.w.org\/{rel}","templated":true}]}}